{"id":7621,"date":"2019-05-19T17:05:26","date_gmt":"2019-05-19T16:05:26","guid":{"rendered":"https:\/\/petrickajic.dev-mockup.com\/legal-articles\/"},"modified":"2019-05-20T19:34:46","modified_gmt":"2019-05-20T17:34:46","slug":"legal-articles","status":"publish","type":"page","link":"https:\/\/www.petric-kajic.hr\/en\/legal-articles\/","title":{"rendered":"Legal articles"},"content":{"rendered":"\t\t<div data-elementor-type=\"wp-post\" data-elementor-id=\"7621\" class=\"elementor elementor-7621 elementor-7391\">\n\t\t\t\t\t\t<div class=\"elementor-inner\">\n\t\t\t\t<div class=\"elementor-section-wrap\">\n\t\t\t\t\t\t\t\t\t<section class=\"elementor-section elementor-top-section elementor-element elementor-element-17f38fc elementor-section-boxed elementor-section-height-default elementor-section-height-default\" data-id=\"17f38fc\" data-element_type=\"section\">\n\t\t\t\t\t\t<div class=\"elementor-container elementor-column-gap-default\">\n\t\t\t\t\t\t\t<div class=\"elementor-row\">\n\t\t\t\t\t<div class=\"elementor-column elementor-col-100 elementor-top-column elementor-element elementor-element-7a617e0\" data-id=\"7a617e0\" data-element_type=\"column\">\n\t\t\t<div class=\"elementor-column-wrap elementor-element-populated\">\n\t\t\t\t\t\t\t<div class=\"elementor-widget-wrap\">\n\t\t\t\t\t\t<div class=\"elementor-element elementor-element-c7e81b5 elementor-widget elementor-widget-spacer\" data-id=\"c7e81b5\" data-element_type=\"widget\" data-widget_type=\"spacer.default\">\n\t\t\t\t<div class=\"elementor-widget-container\">\n\t\t\t\t\t<div class=\"elementor-spacer\">\n\t\t\t<div class=\"elementor-spacer-inner\"><\/div>\n\t\t<\/div>\n\t\t\t\t<\/div>\n\t\t\t\t<\/div>\n\t\t\t\t\t\t<\/div>\n\t\t\t\t\t<\/div>\n\t\t<\/div>\n\t\t\t\t\t\t\t\t<\/div>\n\t\t\t\t\t<\/div>\n\t\t<\/section>\n\t\t\t\t<section class=\"elementor-section elementor-top-section elementor-element elementor-element-24844fb elementor-section-boxed elementor-section-height-default elementor-section-height-default\" data-id=\"24844fb\" data-element_type=\"section\">\n\t\t\t\t\t\t<div class=\"elementor-container elementor-column-gap-default\">\n\t\t\t\t\t\t\t<div class=\"elementor-row\">\n\t\t\t\t\t<div class=\"elementor-column elementor-col-66 elementor-top-column elementor-element elementor-element-ed9f848\" data-id=\"ed9f848\" data-element_type=\"column\">\n\t\t\t<div class=\"elementor-column-wrap elementor-element-populated\">\n\t\t\t\t\t\t\t<div class=\"elementor-widget-wrap\">\n\t\t\t\t\t\t<div class=\"elementor-element elementor-element-88f535a elementor-widget elementor-widget-heading\" data-id=\"88f535a\" data-element_type=\"widget\" data-widget_type=\"heading.default\">\n\t\t\t\t<div class=\"elementor-widget-container\">\n\t\t\t<h3 class=\"elementor-heading-title elementor-size-default\">Legal articles<\/h3>\t\t<\/div>\n\t\t\t\t<\/div>\n\t\t\t\t\t\t<\/div>\n\t\t\t\t\t<\/div>\n\t\t<\/div>\n\t\t\t\t<div class=\"elementor-column elementor-col-33 elementor-top-column elementor-element elementor-element-f4c8a7b\" data-id=\"f4c8a7b\" data-element_type=\"column\">\n\t\t\t<div class=\"elementor-column-wrap elementor-element-populated\">\n\t\t\t\t\t\t\t<div class=\"elementor-widget-wrap\">\n\t\t\t\t\t\t<div class=\"elementor-element elementor-element-d71d3ab elementor-widget elementor-widget-heading\" data-id=\"d71d3ab\" data-element_type=\"widget\" data-widget_type=\"heading.default\">\n\t\t\t\t<div class=\"elementor-widget-container\">\n\t\t\t<h3 class=\"elementor-heading-title elementor-size-default\">Latest articles<\/h3>\t\t<\/div>\n\t\t\t\t<\/div>\n\t\t\t\t<div class=\"elementor-element elementor-element-a9e0955 elementor-widget elementor-widget-spacer\" data-id=\"a9e0955\" data-element_type=\"widget\" data-widget_type=\"spacer.default\">\n\t\t\t\t<div class=\"elementor-widget-container\">\n\t\t\t\t\t<div class=\"elementor-spacer\">\n\t\t\t<div class=\"elementor-spacer-inner\"><\/div>\n\t\t<\/div>\n\t\t\t\t<\/div>\n\t\t\t\t<\/div>\n\t\t\t\t<div class=\"elementor-element elementor-element-a8b4e52 elementor-widget elementor-widget-wp-widget-categories\" data-id=\"a8b4e52\" data-element_type=\"widget\" data-widget_type=\"wp-widget-categories.default\">\n\t\t\t\t<div class=\"elementor-widget-container\">\n\t\t\t<h5>Categories<\/h5>\n\t\t\t<ul>\n\t\t\t\t<li class=\"cat-item-none\">No categories<\/li>\t\t\t<\/ul>\n\n\t\t\t\t\t<\/div>\n\t\t\t\t<\/div>\n\t\t\t\t\t\t<\/div>\n\t\t\t\t\t<\/div>\n\t\t<\/div>\n\t\t\t\t\t\t\t\t<\/div>\n\t\t\t\t\t<\/div>\n\t\t<\/section>\n\t\t\t\t\t\t\t\t\t<\/div>\n\t\t\t<\/div>\n\t\t\t\t\t<\/div>\n\t\t","protected":false},"excerpt":{"rendered":"<p>Legal articles Filter Sve kategorije Pravo dru\u0161tava Radno pravo Sve kategorije Pravo dru\u0161tava Radno pravo PRO\u010cITAJ VI\u0160E Managerski ugovori Managerski ugovor je ugovor koji zaklju\u010duju poslodavac i manager s ciljem da manager svojim znanjem i iskustvom ostvari postavljene ciljeve od strane poslodavca. Radi se o ugovoru kojim poslodavac i manager utvr\u0111uju uvjete obavljanja posla od [&hellip;]<\/p>\n","protected":false},"author":3,"featured_media":0,"parent":0,"menu_order":0,"comment_status":"closed","ping_status":"closed","template":"","meta":[],"yoast_head":"<!-- This site is optimized with the Yoast SEO plugin v20.2.1 - https:\/\/yoast.com\/wordpress\/plugins\/seo\/ -->\n<title>Legal articles - Petri\u0107 &amp; Kaji\u0107 odvjetni\u010dko dru\u0161tvo d.o.o.<\/title>\n<meta name=\"robots\" content=\"index, follow, max-snippet:-1, max-image-preview:large, max-video-preview:-1\" \/>\n<link rel=\"canonical\" href=\"https:\/\/www.petric-kajic.hr\/en\/legal-articles\/\" \/>\n<meta property=\"og:locale\" content=\"en_US\" \/>\n<meta property=\"og:type\" content=\"article\" \/>\n<meta property=\"og:title\" content=\"Legal articles - Petri\u0107 &amp; Kaji\u0107 odvjetni\u010dko dru\u0161tvo d.o.o.\" \/>\n<meta property=\"og:description\" content=\"Legal articles Filter Sve kategorije Pravo dru\u0161tava Radno pravo Sve kategorije Pravo dru\u0161tava Radno pravo PRO\u010cITAJ VI\u0160E Managerski ugovori Managerski ugovor je ugovor koji zaklju\u010duju poslodavac i manager s ciljem da manager svojim znanjem i iskustvom ostvari postavljene ciljeve od strane poslodavca. Radi se o ugovoru kojim poslodavac i manager utvr\u0111uju uvjete obavljanja posla od [&hellip;]\" \/>\n<meta property=\"og:url\" content=\"https:\/\/www.petric-kajic.hr\/en\/legal-articles\/\" \/>\n<meta property=\"og:site_name\" content=\"Petri\u0107 &amp; Kaji\u0107 odvjetni\u010dko dru\u0161tvo d.o.o.\" \/>\n<meta property=\"article:modified_time\" content=\"2019-05-20T17:34:46+00:00\" \/>\n<meta property=\"og:image\" content=\"https:\/\/www.petric-kajic.hr\/wp-content\/uploads\/absolutvision-365898-unsplash-1024x768.jpg\" \/>\n<meta name=\"twitter:card\" content=\"summary_large_image\" \/>\n<meta name=\"twitter:label1\" content=\"Est. reading time\" \/>\n\t<meta name=\"twitter:data1\" content=\"1 minute\" \/>\n<script type=\"application\/ld+json\" class=\"yoast-schema-graph\">{\"@context\":\"https:\/\/schema.org\",\"@graph\":[{\"@type\":\"WebPage\",\"@id\":\"https:\/\/www.petric-kajic.hr\/en\/legal-articles\/\",\"url\":\"https:\/\/www.petric-kajic.hr\/en\/legal-articles\/\",\"name\":\"Legal articles - Petri\u0107 &amp; Kaji\u0107 odvjetni\u010dko dru\u0161tvo d.o.o.\",\"isPartOf\":{\"@id\":\"https:\/\/www.petric-kajic.hr\/#website\"},\"datePublished\":\"2019-05-19T16:05:26+00:00\",\"dateModified\":\"2019-05-20T17:34:46+00:00\",\"breadcrumb\":{\"@id\":\"https:\/\/www.petric-kajic.hr\/en\/legal-articles\/#breadcrumb\"},\"inLanguage\":\"en-US\",\"potentialAction\":[{\"@type\":\"ReadAction\",\"target\":[\"https:\/\/www.petric-kajic.hr\/en\/legal-articles\/\"]}]},{\"@type\":\"BreadcrumbList\",\"@id\":\"https:\/\/www.petric-kajic.hr\/en\/legal-articles\/#breadcrumb\",\"itemListElement\":[{\"@type\":\"ListItem\",\"position\":1,\"name\":\"Home\",\"item\":\"https:\/\/www.petric-kajic.hr\/en\/\"},{\"@type\":\"ListItem\",\"position\":2,\"name\":\"Legal articles\"}]},{\"@type\":\"WebSite\",\"@id\":\"https:\/\/www.petric-kajic.hr\/#website\",\"url\":\"https:\/\/www.petric-kajic.hr\/\",\"name\":\"Petri\u0107 &amp; Kaji\u0107 odvjetni\u010dko dru\u0161tvo d.o.o.\",\"description\":\"\",\"publisher\":{\"@id\":\"https:\/\/www.petric-kajic.hr\/#organization\"},\"potentialAction\":[{\"@type\":\"SearchAction\",\"target\":{\"@type\":\"EntryPoint\",\"urlTemplate\":\"https:\/\/www.petric-kajic.hr\/?s={search_term_string}\"},\"query-input\":\"required name=search_term_string\"}],\"inLanguage\":\"en-US\"},{\"@type\":\"Organization\",\"@id\":\"https:\/\/www.petric-kajic.hr\/#organization\",\"name\":\"BASIS savjetovanje j.d.o.o.\",\"url\":\"https:\/\/www.petric-kajic.hr\/\",\"logo\":{\"@type\":\"ImageObject\",\"inLanguage\":\"en-US\",\"@id\":\"https:\/\/www.petric-kajic.hr\/#\/schema\/logo\/image\/\",\"url\":\"https:\/\/www.petric-kajic.hr\/wp-content\/uploads\/cropped-Petric-Kajic_logo_v4_.png\",\"contentUrl\":\"https:\/\/www.petric-kajic.hr\/wp-content\/uploads\/cropped-Petric-Kajic_logo_v4_.png\",\"width\":396,\"height\":90,\"caption\":\"BASIS savjetovanje j.d.o.o.\"},\"image\":{\"@id\":\"https:\/\/www.petric-kajic.hr\/#\/schema\/logo\/image\/\"}}]}<\/script>\n<!-- \/ Yoast SEO plugin. -->","yoast_head_json":{"title":"Legal articles - Petri\u0107 &amp; Kaji\u0107 odvjetni\u010dko dru\u0161tvo d.o.o.","robots":{"index":"index","follow":"follow","max-snippet":"max-snippet:-1","max-image-preview":"max-image-preview:large","max-video-preview":"max-video-preview:-1"},"canonical":"https:\/\/www.petric-kajic.hr\/en\/legal-articles\/","og_locale":"en_US","og_type":"article","og_title":"Legal articles - Petri\u0107 &amp; Kaji\u0107 odvjetni\u010dko dru\u0161tvo d.o.o.","og_description":"Legal articles Filter Sve kategorije Pravo dru\u0161tava Radno pravo Sve kategorije Pravo dru\u0161tava Radno pravo PRO\u010cITAJ VI\u0160E Managerski ugovori Managerski ugovor je ugovor koji zaklju\u010duju poslodavac i manager s ciljem da manager svojim znanjem i iskustvom ostvari postavljene ciljeve od strane poslodavca. Radi se o ugovoru kojim poslodavac i manager utvr\u0111uju uvjete obavljanja posla od [&hellip;]","og_url":"https:\/\/www.petric-kajic.hr\/en\/legal-articles\/","og_site_name":"Petri\u0107 &amp; Kaji\u0107 odvjetni\u010dko dru\u0161tvo d.o.o.","article_modified_time":"2019-05-20T17:34:46+00:00","og_image":[{"url":"https:\/\/www.petric-kajic.hr\/wp-content\/uploads\/absolutvision-365898-unsplash-1024x768.jpg"}],"twitter_card":"summary_large_image","twitter_misc":{"Est. reading time":"1 minute"},"schema":{"@context":"https:\/\/schema.org","@graph":[{"@type":"WebPage","@id":"https:\/\/www.petric-kajic.hr\/en\/legal-articles\/","url":"https:\/\/www.petric-kajic.hr\/en\/legal-articles\/","name":"Legal articles - Petri\u0107 &amp; Kaji\u0107 odvjetni\u010dko dru\u0161tvo d.o.o.","isPartOf":{"@id":"https:\/\/www.petric-kajic.hr\/#website"},"datePublished":"2019-05-19T16:05:26+00:00","dateModified":"2019-05-20T17:34:46+00:00","breadcrumb":{"@id":"https:\/\/www.petric-kajic.hr\/en\/legal-articles\/#breadcrumb"},"inLanguage":"en-US","potentialAction":[{"@type":"ReadAction","target":["https:\/\/www.petric-kajic.hr\/en\/legal-articles\/"]}]},{"@type":"BreadcrumbList","@id":"https:\/\/www.petric-kajic.hr\/en\/legal-articles\/#breadcrumb","itemListElement":[{"@type":"ListItem","position":1,"name":"Home","item":"https:\/\/www.petric-kajic.hr\/en\/"},{"@type":"ListItem","position":2,"name":"Legal articles"}]},{"@type":"WebSite","@id":"https:\/\/www.petric-kajic.hr\/#website","url":"https:\/\/www.petric-kajic.hr\/","name":"Petri\u0107 &amp; Kaji\u0107 odvjetni\u010dko dru\u0161tvo d.o.o.","description":"","publisher":{"@id":"https:\/\/www.petric-kajic.hr\/#organization"},"potentialAction":[{"@type":"SearchAction","target":{"@type":"EntryPoint","urlTemplate":"https:\/\/www.petric-kajic.hr\/?s={search_term_string}"},"query-input":"required name=search_term_string"}],"inLanguage":"en-US"},{"@type":"Organization","@id":"https:\/\/www.petric-kajic.hr\/#organization","name":"BASIS savjetovanje j.d.o.o.","url":"https:\/\/www.petric-kajic.hr\/","logo":{"@type":"ImageObject","inLanguage":"en-US","@id":"https:\/\/www.petric-kajic.hr\/#\/schema\/logo\/image\/","url":"https:\/\/www.petric-kajic.hr\/wp-content\/uploads\/cropped-Petric-Kajic_logo_v4_.png","contentUrl":"https:\/\/www.petric-kajic.hr\/wp-content\/uploads\/cropped-Petric-Kajic_logo_v4_.png","width":396,"height":90,"caption":"BASIS savjetovanje j.d.o.o."},"image":{"@id":"https:\/\/www.petric-kajic.hr\/#\/schema\/logo\/image\/"}}]}},"_links":{"self":[{"href":"https:\/\/www.petric-kajic.hr\/en\/wp-json\/wp\/v2\/pages\/7621"}],"collection":[{"href":"https:\/\/www.petric-kajic.hr\/en\/wp-json\/wp\/v2\/pages"}],"about":[{"href":"https:\/\/www.petric-kajic.hr\/en\/wp-json\/wp\/v2\/types\/page"}],"author":[{"embeddable":true,"href":"https:\/\/www.petric-kajic.hr\/en\/wp-json\/wp\/v2\/users\/3"}],"replies":[{"embeddable":true,"href":"https:\/\/www.petric-kajic.hr\/en\/wp-json\/wp\/v2\/comments?post=7621"}],"version-history":[{"count":2,"href":"https:\/\/www.petric-kajic.hr\/en\/wp-json\/wp\/v2\/pages\/7621\/revisions"}],"predecessor-version":[{"id":7706,"href":"https:\/\/www.petric-kajic.hr\/en\/wp-json\/wp\/v2\/pages\/7621\/revisions\/7706"}],"wp:attachment":[{"href":"https:\/\/www.petric-kajic.hr\/en\/wp-json\/wp\/v2\/media?parent=7621"}],"curies":[{"name":"wp","href":"https:\/\/api.w.org\/{rel}","templated":true}]}}