{"id":7612,"date":"2019-05-19T16:49:06","date_gmt":"2019-05-19T15:49:06","guid":{"rendered":"https:\/\/petrickajic.dev-mockup.com\/services\/"},"modified":"2019-05-19T18:35:52","modified_gmt":"2019-05-19T17:35:52","slug":"services","status":"publish","type":"page","link":"https:\/\/www.petric-kajic.hr\/en\/services\/","title":{"rendered":"Services"},"content":{"rendered":"\t\t<div data-elementor-type=\"wp-post\" data-elementor-id=\"7612\" class=\"elementor elementor-7612 elementor-7394\">\n\t\t\t\t\t\t<div class=\"elementor-inner\">\n\t\t\t\t<div class=\"elementor-section-wrap\">\n\t\t\t\t\t\t\t\t\t<section class=\"elementor-section elementor-top-section elementor-element elementor-element-f8407e2 elementor-section-full_width elementor-section-height-default elementor-section-height-default\" data-id=\"f8407e2\" data-element_type=\"section\" data-settings=\"{&quot;background_background&quot;:&quot;classic&quot;}\">\n\t\t\t\t\t\t<div class=\"elementor-container elementor-column-gap-default\">\n\t\t\t\t\t\t\t<div class=\"elementor-row\">\n\t\t\t\t\t<div class=\"elementor-column elementor-col-100 elementor-top-column elementor-element elementor-element-9721995\" data-id=\"9721995\" data-element_type=\"column\">\n\t\t\t<div class=\"elementor-column-wrap elementor-element-populated\">\n\t\t\t\t\t\t\t<div class=\"elementor-widget-wrap\">\n\t\t\t\t\t\t<div class=\"elementor-element elementor-element-376198b elementor-invisible elementor-widget elementor-widget-heading\" data-id=\"376198b\" data-element_type=\"widget\" data-settings=\"{&quot;_animation&quot;:&quot;fadeInUp&quot;}\" data-widget_type=\"heading.default\">\n\t\t\t\t<div class=\"elementor-widget-container\">\n\t\t\t<h2 class=\"elementor-heading-title elementor-size-default\">Services<\/h2>\t\t<\/div>\n\t\t\t\t<\/div>\n\t\t\t\t\t\t<\/div>\n\t\t\t\t\t<\/div>\n\t\t<\/div>\n\t\t\t\t\t\t\t\t<\/div>\n\t\t\t\t\t<\/div>\n\t\t<\/section>\n\t\t\t\t<section class=\"elementor-section elementor-top-section elementor-element elementor-element-9ffeffc elementor-section-boxed elementor-section-height-default elementor-section-height-default\" data-id=\"9ffeffc\" data-element_type=\"section\">\n\t\t\t\t\t\t<div class=\"elementor-container elementor-column-gap-default\">\n\t\t\t\t\t\t\t<div class=\"elementor-row\">\n\t\t\t\t\t<div class=\"elementor-column elementor-col-50 elementor-top-column elementor-element elementor-element-c9819b8\" data-id=\"c9819b8\" data-element_type=\"column\">\n\t\t\t<div class=\"elementor-column-wrap elementor-element-populated\">\n\t\t\t\t\t\t\t<div class=\"elementor-widget-wrap\">\n\t\t\t\t\t\t<div class=\"elementor-element elementor-element-76b5105 elementor-widget elementor-widget-text-editor\" data-id=\"76b5105\" data-element_type=\"widget\" data-widget_type=\"text-editor.default\">\n\t\t\t\t<div class=\"elementor-widget-container\">\n\t\t\t\t\t\t\t\t<div class=\"elementor-text-editor elementor-clearfix\">\n\t\t\t\t<p><strong>CORPORATE LAW<\/strong><\/p>\n<ul>\n<li>acquisitions and mergers<\/li>\n<li>joint ventures<\/li>\n<li>restructuring<\/li>\n<li>liquidation<\/li>\n<\/ul>\n<p>&nbsp;<\/p>\n<p><strong>COMMERCIAL LAW<\/strong><\/p>\n<p><strong>BANKING AND FINANCIAL LAW<\/strong><\/p>\n<ul>\n<li>banking law \u2013 loans, guarantees<br \/>\nand banking products<\/li>\n<li>claim security<\/li>\n<li>property financing<\/li>\n<\/ul>\n<p>&nbsp;<\/p>\n<p><strong>REAL ESTATE<\/strong><\/p>\n<ul>\n<li>purchase and sale of real property<\/li>\n<li>real estate related development projects<\/li>\n<li>construction<\/li>\n<li>town and country planning<\/li>\n<li>leasing<\/li>\n<li>renting<\/li>\n<li>land registry procedures<\/li>\n<\/ul>\n<p>&nbsp;<\/p>\n<p><strong>INSOLVENCY AND PRE-INSOLVENCY SETTLEMENTS<\/strong><\/p>\n<ul>\n<li>recovery of claims<\/li>\n<li>insolvency proceedings<\/li>\n<li>satisfaction of creditors\u2019 claims<\/li>\n<li>reorganisation in insolvency<\/li>\n<li>pre-insolvency settlement<\/li>\n<\/ul>\n\t\t\t\t\t<\/div>\n\t\t\t\t\t\t<\/div>\n\t\t\t\t<\/div>\n\t\t\t\t\t\t<\/div>\n\t\t\t\t\t<\/div>\n\t\t<\/div>\n\t\t\t\t<div class=\"elementor-column elementor-col-50 elementor-top-column elementor-element elementor-element-2af503f\" data-id=\"2af503f\" data-element_type=\"column\">\n\t\t\t<div class=\"elementor-column-wrap elementor-element-populated\">\n\t\t\t\t\t\t\t<div class=\"elementor-widget-wrap\">\n\t\t\t\t\t\t<div class=\"elementor-element elementor-element-00b6776 elementor-widget elementor-widget-text-editor\" data-id=\"00b6776\" data-element_type=\"widget\" data-widget_type=\"text-editor.default\">\n\t\t\t\t<div class=\"elementor-widget-container\">\n\t\t\t\t\t\t\t\t<div class=\"elementor-text-editor elementor-clearfix\">\n\t\t\t\t<p><strong>MARKET COMPETITION<\/strong><\/p>\n<ul>\n<li>prior notifications of concentration<\/li>\n<li>cartels<\/li>\n<li>representation in proceedings<br \/>\nrelated to market competition<\/li>\n<\/ul>\n<p>&nbsp;<\/p>\n<p><strong>EMPLOYMENT LAW<\/strong><\/p>\n<ul>\n<li>collective bargaining<br \/>\nand collective agreements<\/li>\n<li>unions and employers\u2019<br \/>\nassociations<\/li>\n<li>redundancy programs<\/li>\n<li>temporary employment<\/li>\n<li>internal employment legislation<\/li>\n<li>employment disputes<\/li>\n<\/ul>\n<p>&nbsp;<\/p>\n<p><strong>DISPUTE RESOLUTION<\/strong><\/p>\n<ul>\n<li>civil proceedings<\/li>\n<li>international and national<br \/>\narbitration<\/li>\n<li>alternative dispute resolution<\/li>\n<li>mediation<\/li>\n<\/ul>\n\t\t\t\t\t<\/div>\n\t\t\t\t\t\t<\/div>\n\t\t\t\t<\/div>\n\t\t\t\t\t\t<\/div>\n\t\t\t\t\t<\/div>\n\t\t<\/div>\n\t\t\t\t\t\t\t\t<\/div>\n\t\t\t\t\t<\/div>\n\t\t<\/section>\n\t\t\t\t\t\t\t\t\t<\/div>\n\t\t\t<\/div>\n\t\t\t\t\t<\/div>\n\t\t","protected":false},"excerpt":{"rendered":"<p>Services CORPORATE LAW acquisitions and mergers joint ventures restructuring liquidation &nbsp; COMMERCIAL LAW BANKING AND FINANCIAL LAW banking law \u2013 loans, guarantees and banking products claim security property financing &nbsp; REAL ESTATE purchase and sale of real property real estate related development projects construction town and country planning leasing renting land registry procedures &nbsp; INSOLVENCY [&hellip;]<\/p>\n","protected":false},"author":3,"featured_media":0,"parent":0,"menu_order":0,"comment_status":"closed","ping_status":"closed","template":"","meta":[],"yoast_head":"<!-- This site is optimized with the Yoast SEO plugin v20.2.1 - https:\/\/yoast.com\/wordpress\/plugins\/seo\/ -->\n<title>Services - Petri\u0107 &amp; Kaji\u0107 odvjetni\u010dko dru\u0161tvo d.o.o.<\/title>\n<meta name=\"robots\" content=\"index, follow, max-snippet:-1, max-image-preview:large, max-video-preview:-1\" \/>\n<link rel=\"canonical\" href=\"https:\/\/www.petric-kajic.hr\/en\/services\/\" \/>\n<meta property=\"og:locale\" content=\"en_US\" \/>\n<meta property=\"og:type\" content=\"article\" \/>\n<meta property=\"og:title\" content=\"Services - Petri\u0107 &amp; Kaji\u0107 odvjetni\u010dko dru\u0161tvo d.o.o.\" \/>\n<meta property=\"og:description\" content=\"Services CORPORATE LAW acquisitions and mergers joint ventures restructuring liquidation &nbsp; COMMERCIAL LAW BANKING AND FINANCIAL LAW banking law \u2013 loans, guarantees and banking products claim security property financing &nbsp; REAL ESTATE purchase and sale of real property real estate related development projects construction town and country planning leasing renting land registry procedures &nbsp; INSOLVENCY [&hellip;]\" \/>\n<meta property=\"og:url\" content=\"https:\/\/www.petric-kajic.hr\/en\/services\/\" \/>\n<meta property=\"og:site_name\" content=\"Petri\u0107 &amp; Kaji\u0107 odvjetni\u010dko dru\u0161tvo d.o.o.\" \/>\n<meta property=\"article:modified_time\" content=\"2019-05-19T17:35:52+00:00\" \/>\n<meta name=\"twitter:card\" content=\"summary_large_image\" \/>\n<meta name=\"twitter:label1\" content=\"Est. reading time\" \/>\n\t<meta name=\"twitter:data1\" content=\"1 minute\" \/>\n<script type=\"application\/ld+json\" class=\"yoast-schema-graph\">{\"@context\":\"https:\/\/schema.org\",\"@graph\":[{\"@type\":\"WebPage\",\"@id\":\"https:\/\/www.petric-kajic.hr\/en\/services\/\",\"url\":\"https:\/\/www.petric-kajic.hr\/en\/services\/\",\"name\":\"Services - Petri\u0107 &amp; Kaji\u0107 odvjetni\u010dko dru\u0161tvo d.o.o.\",\"isPartOf\":{\"@id\":\"https:\/\/www.petric-kajic.hr\/#website\"},\"datePublished\":\"2019-05-19T15:49:06+00:00\",\"dateModified\":\"2019-05-19T17:35:52+00:00\",\"breadcrumb\":{\"@id\":\"https:\/\/www.petric-kajic.hr\/en\/services\/#breadcrumb\"},\"inLanguage\":\"en-US\",\"potentialAction\":[{\"@type\":\"ReadAction\",\"target\":[\"https:\/\/www.petric-kajic.hr\/en\/services\/\"]}]},{\"@type\":\"BreadcrumbList\",\"@id\":\"https:\/\/www.petric-kajic.hr\/en\/services\/#breadcrumb\",\"itemListElement\":[{\"@type\":\"ListItem\",\"position\":1,\"name\":\"Home\",\"item\":\"https:\/\/www.petric-kajic.hr\/en\/\"},{\"@type\":\"ListItem\",\"position\":2,\"name\":\"Services\"}]},{\"@type\":\"WebSite\",\"@id\":\"https:\/\/www.petric-kajic.hr\/#website\",\"url\":\"https:\/\/www.petric-kajic.hr\/\",\"name\":\"Petri\u0107 &amp; Kaji\u0107 odvjetni\u010dko dru\u0161tvo d.o.o.\",\"description\":\"\",\"publisher\":{\"@id\":\"https:\/\/www.petric-kajic.hr\/#organization\"},\"potentialAction\":[{\"@type\":\"SearchAction\",\"target\":{\"@type\":\"EntryPoint\",\"urlTemplate\":\"https:\/\/www.petric-kajic.hr\/?s={search_term_string}\"},\"query-input\":\"required name=search_term_string\"}],\"inLanguage\":\"en-US\"},{\"@type\":\"Organization\",\"@id\":\"https:\/\/www.petric-kajic.hr\/#organization\",\"name\":\"BASIS savjetovanje j.d.o.o.\",\"url\":\"https:\/\/www.petric-kajic.hr\/\",\"logo\":{\"@type\":\"ImageObject\",\"inLanguage\":\"en-US\",\"@id\":\"https:\/\/www.petric-kajic.hr\/#\/schema\/logo\/image\/\",\"url\":\"https:\/\/www.petric-kajic.hr\/wp-content\/uploads\/cropped-Petric-Kajic_logo_v4_.png\",\"contentUrl\":\"https:\/\/www.petric-kajic.hr\/wp-content\/uploads\/cropped-Petric-Kajic_logo_v4_.png\",\"width\":396,\"height\":90,\"caption\":\"BASIS savjetovanje j.d.o.o.\"},\"image\":{\"@id\":\"https:\/\/www.petric-kajic.hr\/#\/schema\/logo\/image\/\"}}]}<\/script>\n<!-- \/ Yoast SEO plugin. -->","yoast_head_json":{"title":"Services - Petri\u0107 &amp; Kaji\u0107 odvjetni\u010dko dru\u0161tvo d.o.o.","robots":{"index":"index","follow":"follow","max-snippet":"max-snippet:-1","max-image-preview":"max-image-preview:large","max-video-preview":"max-video-preview:-1"},"canonical":"https:\/\/www.petric-kajic.hr\/en\/services\/","og_locale":"en_US","og_type":"article","og_title":"Services - Petri\u0107 &amp; Kaji\u0107 odvjetni\u010dko dru\u0161tvo d.o.o.","og_description":"Services CORPORATE LAW acquisitions and mergers joint ventures restructuring liquidation &nbsp; COMMERCIAL LAW BANKING AND FINANCIAL LAW banking law \u2013 loans, guarantees and banking products claim security property financing &nbsp; REAL ESTATE purchase and sale of real property real estate related development projects construction town and country planning leasing renting land registry procedures &nbsp; INSOLVENCY [&hellip;]","og_url":"https:\/\/www.petric-kajic.hr\/en\/services\/","og_site_name":"Petri\u0107 &amp; Kaji\u0107 odvjetni\u010dko dru\u0161tvo d.o.o.","article_modified_time":"2019-05-19T17:35:52+00:00","twitter_card":"summary_large_image","twitter_misc":{"Est. reading time":"1 minute"},"schema":{"@context":"https:\/\/schema.org","@graph":[{"@type":"WebPage","@id":"https:\/\/www.petric-kajic.hr\/en\/services\/","url":"https:\/\/www.petric-kajic.hr\/en\/services\/","name":"Services - Petri\u0107 &amp; Kaji\u0107 odvjetni\u010dko dru\u0161tvo d.o.o.","isPartOf":{"@id":"https:\/\/www.petric-kajic.hr\/#website"},"datePublished":"2019-05-19T15:49:06+00:00","dateModified":"2019-05-19T17:35:52+00:00","breadcrumb":{"@id":"https:\/\/www.petric-kajic.hr\/en\/services\/#breadcrumb"},"inLanguage":"en-US","potentialAction":[{"@type":"ReadAction","target":["https:\/\/www.petric-kajic.hr\/en\/services\/"]}]},{"@type":"BreadcrumbList","@id":"https:\/\/www.petric-kajic.hr\/en\/services\/#breadcrumb","itemListElement":[{"@type":"ListItem","position":1,"name":"Home","item":"https:\/\/www.petric-kajic.hr\/en\/"},{"@type":"ListItem","position":2,"name":"Services"}]},{"@type":"WebSite","@id":"https:\/\/www.petric-kajic.hr\/#website","url":"https:\/\/www.petric-kajic.hr\/","name":"Petri\u0107 &amp; Kaji\u0107 odvjetni\u010dko dru\u0161tvo d.o.o.","description":"","publisher":{"@id":"https:\/\/www.petric-kajic.hr\/#organization"},"potentialAction":[{"@type":"SearchAction","target":{"@type":"EntryPoint","urlTemplate":"https:\/\/www.petric-kajic.hr\/?s={search_term_string}"},"query-input":"required name=search_term_string"}],"inLanguage":"en-US"},{"@type":"Organization","@id":"https:\/\/www.petric-kajic.hr\/#organization","name":"BASIS savjetovanje j.d.o.o.","url":"https:\/\/www.petric-kajic.hr\/","logo":{"@type":"ImageObject","inLanguage":"en-US","@id":"https:\/\/www.petric-kajic.hr\/#\/schema\/logo\/image\/","url":"https:\/\/www.petric-kajic.hr\/wp-content\/uploads\/cropped-Petric-Kajic_logo_v4_.png","contentUrl":"https:\/\/www.petric-kajic.hr\/wp-content\/uploads\/cropped-Petric-Kajic_logo_v4_.png","width":396,"height":90,"caption":"BASIS savjetovanje j.d.o.o."},"image":{"@id":"https:\/\/www.petric-kajic.hr\/#\/schema\/logo\/image\/"}}]}},"_links":{"self":[{"href":"https:\/\/www.petric-kajic.hr\/en\/wp-json\/wp\/v2\/pages\/7612"}],"collection":[{"href":"https:\/\/www.petric-kajic.hr\/en\/wp-json\/wp\/v2\/pages"}],"about":[{"href":"https:\/\/www.petric-kajic.hr\/en\/wp-json\/wp\/v2\/types\/page"}],"author":[{"embeddable":true,"href":"https:\/\/www.petric-kajic.hr\/en\/wp-json\/wp\/v2\/users\/3"}],"replies":[{"embeddable":true,"href":"https:\/\/www.petric-kajic.hr\/en\/wp-json\/wp\/v2\/comments?post=7612"}],"version-history":[{"count":0,"href":"https:\/\/www.petric-kajic.hr\/en\/wp-json\/wp\/v2\/pages\/7612\/revisions"}],"wp:attachment":[{"href":"https:\/\/www.petric-kajic.hr\/en\/wp-json\/wp\/v2\/media?parent=7612"}],"curies":[{"name":"wp","href":"https:\/\/api.w.org\/{rel}","templated":true}]}}