{"id":7609,"date":"2019-05-19T16:38:07","date_gmt":"2019-05-19T15:38:07","guid":{"rendered":"https:\/\/petrickajic.dev-mockup.com\/about-us\/"},"modified":"2022-06-13T14:19:14","modified_gmt":"2022-06-13T12:19:14","slug":"about-us","status":"publish","type":"page","link":"https:\/\/www.petric-kajic.hr\/en\/about-us\/","title":{"rendered":"About us"},"content":{"rendered":"\t\t<div data-elementor-type=\"wp-post\" data-elementor-id=\"7609\" class=\"elementor elementor-7609 elementor-7386\">\n\t\t\t\t\t\t<div class=\"elementor-inner\">\n\t\t\t\t<div class=\"elementor-section-wrap\">\n\t\t\t\t\t\t\t\t\t<section class=\"elementor-section elementor-top-section elementor-element elementor-element-2993e84 elementor-section-full_width elementor-section-height-default elementor-section-height-default\" data-id=\"2993e84\" data-element_type=\"section\" data-settings=\"{&quot;background_background&quot;:&quot;classic&quot;}\">\n\t\t\t\t\t\t<div class=\"elementor-container elementor-column-gap-default\">\n\t\t\t\t\t\t\t<div class=\"elementor-row\">\n\t\t\t\t\t<div class=\"elementor-column elementor-col-100 elementor-top-column elementor-element elementor-element-a748cd9\" data-id=\"a748cd9\" data-element_type=\"column\">\n\t\t\t<div class=\"elementor-column-wrap elementor-element-populated\">\n\t\t\t\t\t\t\t<div class=\"elementor-widget-wrap\">\n\t\t\t\t\t\t<div class=\"elementor-element elementor-element-6e10bfc elementor-invisible elementor-widget elementor-widget-heading\" data-id=\"6e10bfc\" data-element_type=\"widget\" data-settings=\"{&quot;_animation&quot;:&quot;fadeInUp&quot;}\" data-widget_type=\"heading.default\">\n\t\t\t\t<div class=\"elementor-widget-container\">\n\t\t\t<h2 class=\"elementor-heading-title elementor-size-default\">About us<\/h2>\t\t<\/div>\n\t\t\t\t<\/div>\n\t\t\t\t\t\t<\/div>\n\t\t\t\t\t<\/div>\n\t\t<\/div>\n\t\t\t\t\t\t\t\t<\/div>\n\t\t\t\t\t<\/div>\n\t\t<\/section>\n\t\t\t\t<section class=\"elementor-section elementor-top-section elementor-element elementor-element-6c5703a elementor-section-boxed elementor-section-height-default elementor-section-height-default\" data-id=\"6c5703a\" data-element_type=\"section\">\n\t\t\t\t\t\t<div class=\"elementor-container elementor-column-gap-default\">\n\t\t\t\t\t\t\t<div class=\"elementor-row\">\n\t\t\t\t\t<div class=\"elementor-column elementor-col-100 elementor-top-column elementor-element elementor-element-93e7896\" data-id=\"93e7896\" data-element_type=\"column\">\n\t\t\t<div class=\"elementor-column-wrap elementor-element-populated\">\n\t\t\t\t\t\t\t<div class=\"elementor-widget-wrap\">\n\t\t\t\t\t\t<div class=\"elementor-element elementor-element-fe03567 elementor-widget elementor-widget-text-editor\" data-id=\"fe03567\" data-element_type=\"widget\" data-widget_type=\"text-editor.default\">\n\t\t\t\t<div class=\"elementor-widget-container\">\n\t\t\t\t\t\t\t\t<div class=\"elementor-text-editor elementor-clearfix\">\n\t\t\t\t<p>Petri\u0107 &amp; Kaji\u0107 Law Firm LLC, located in Zagreb, Ulica Crvenog kri\u017ea 27, was formed by the lawyers Mr Petar Petri\u0107 from Zagreb and Ms Ana-Marija Kaji\u0107, as a continuation of Joint Law Office Petar Petri\u0107 &amp; Ana-Marija Kaji\u0107 and Mr Petri\u0107\u2019s lawyer\u2019s office established in 1996.<\/p><p>We represent the interests of a lot of clients across <strong>a broad spectrum of civil litigation<\/strong><strong> proceedings<\/strong>, from the most complex commercial disputes to the disputes where we represent clients for the purpose of the realisation of individual interests.<\/p><p>We provide <strong>legal advices<\/strong> to domestic and foreign legal entities, focusing in particular on areas including commercial and corporate law, law of obligations, property law, legal advices and legal support to domestic and foreign investors, especially in case of investments in tourism where we provide services complying with high professional standards.<\/p><p>We provide services encompassing <strong>verification &#8211; corporate compliance audits<\/strong> to evaluate company\u2019s compliance with legal requirements in client\u2019s industry, in particular in the area of employment law, real estate, commerce, and hotel industry.<\/p><p>Acting on behalf of clients in proceedings in courts and other competent national bodies we find the best solutions for them, taking care of whether a dispute may be solved applying <strong>alternative dispute resolution<\/strong> in order to achieve the best resolution for a client in the shortest possible time. The lawyers in the firm are <strong>certified mediators and members of the Croatian Mediation Association<\/strong>.<\/p><p>We won the award of the Croatian Mediation Association as the best law firm for mediation in 2016.<\/p><p>In addition to our membership in the Croatian Mediation Association, we are also members of the American Chamber Of Commerce In Croatia and of the International Bar Association.<\/p>\t\t\t\t\t<\/div>\n\t\t\t\t\t\t<\/div>\n\t\t\t\t<\/div>\n\t\t\t\t<section class=\"elementor-section elementor-inner-section elementor-element elementor-element-96d834a elementor-section-boxed elementor-section-height-default elementor-section-height-default\" data-id=\"96d834a\" data-element_type=\"section\">\n\t\t\t\t\t\t<div class=\"elementor-container elementor-column-gap-default\">\n\t\t\t\t\t\t\t<div class=\"elementor-row\">\n\t\t\t\t\t<div class=\"elementor-column elementor-col-25 elementor-inner-column elementor-element elementor-element-55c1eb7\" data-id=\"55c1eb7\" data-element_type=\"column\">\n\t\t\t<div class=\"elementor-column-wrap\">\n\t\t\t\t\t\t\t<div class=\"elementor-widget-wrap\">\n\t\t\t\t\t\t\t\t<\/div>\n\t\t\t\t\t<\/div>\n\t\t<\/div>\n\t\t\t\t<div class=\"elementor-column elementor-col-25 elementor-inner-column elementor-element elementor-element-bda12b7\" data-id=\"bda12b7\" data-element_type=\"column\">\n\t\t\t<div class=\"elementor-column-wrap elementor-element-populated\">\n\t\t\t\t\t\t\t<div class=\"elementor-widget-wrap\">\n\t\t\t\t\t\t<div class=\"elementor-element elementor-element-f219c27 elementor-widget elementor-widget-image\" data-id=\"f219c27\" data-element_type=\"widget\" data-widget_type=\"image.default\">\n\t\t\t\t<div class=\"elementor-widget-container\">\n\t\t\t\t\t\t\t\t<div class=\"elementor-image\">\n\t\t\t\t\t\t\t\t\t\t\t\t<img decoding=\"async\" width=\"160\" height=\"80\" src=\"https:\/\/www.petric-kajic.hr\/wp-content\/uploads\/hum_logo.jpg\" class=\"attachment-large size-large wp-image-7708\" alt=\"\" loading=\"lazy\" \/>\t\t\t\t\t\t\t\t\t\t\t\t\t\t<\/div>\n\t\t\t\t\t\t<\/div>\n\t\t\t\t<\/div>\n\t\t\t\t\t\t<\/div>\n\t\t\t\t\t<\/div>\n\t\t<\/div>\n\t\t\t\t<div class=\"elementor-column elementor-col-25 elementor-inner-column elementor-element elementor-element-703d92b\" data-id=\"703d92b\" data-element_type=\"column\">\n\t\t\t<div class=\"elementor-column-wrap elementor-element-populated\">\n\t\t\t\t\t\t\t<div class=\"elementor-widget-wrap\">\n\t\t\t\t\t\t<div class=\"elementor-element elementor-element-4110bc3 elementor-widget elementor-widget-image\" data-id=\"4110bc3\" data-element_type=\"widget\" data-widget_type=\"image.default\">\n\t\t\t\t<div class=\"elementor-widget-container\">\n\t\t\t\t\t\t\t\t<div class=\"elementor-image\">\n\t\t\t\t\t\t\t\t\t\t\t\t<img decoding=\"async\" width=\"160\" height=\"80\" src=\"https:\/\/www.petric-kajic.hr\/wp-content\/uploads\/amcham_logo.jpg\" class=\"attachment-large size-large wp-image-7710\" alt=\"\" loading=\"lazy\" \/>\t\t\t\t\t\t\t\t\t\t\t\t\t\t<\/div>\n\t\t\t\t\t\t<\/div>\n\t\t\t\t<\/div>\n\t\t\t\t\t\t<\/div>\n\t\t\t\t\t<\/div>\n\t\t<\/div>\n\t\t\t\t<div class=\"elementor-column elementor-col-25 elementor-inner-column elementor-element elementor-element-ef77000\" data-id=\"ef77000\" data-element_type=\"column\">\n\t\t\t<div class=\"elementor-column-wrap\">\n\t\t\t\t\t\t\t<div class=\"elementor-widget-wrap\">\n\t\t\t\t\t\t\t\t<\/div>\n\t\t\t\t\t<\/div>\n\t\t<\/div>\n\t\t\t\t\t\t\t\t<\/div>\n\t\t\t\t\t<\/div>\n\t\t<\/section>\n\t\t\t\t<div class=\"elementor-element elementor-element-5115b7f elementor-widget elementor-widget-spacer\" data-id=\"5115b7f\" data-element_type=\"widget\" data-widget_type=\"spacer.default\">\n\t\t\t\t<div class=\"elementor-widget-container\">\n\t\t\t\t\t<div class=\"elementor-spacer\">\n\t\t\t<div class=\"elementor-spacer-inner\"><\/div>\n\t\t<\/div>\n\t\t\t\t<\/div>\n\t\t\t\t<\/div>\n\t\t\t\t<div class=\"elementor-element elementor-element-96feefd elementor-widget elementor-widget-text-editor\" data-id=\"96feefd\" data-element_type=\"widget\" data-widget_type=\"text-editor.default\">\n\t\t\t\t<div class=\"elementor-widget-container\">\n\t\t\t\t\t\t\t\t<div class=\"elementor-text-editor elementor-clearfix\">\n\t\t\t\t<p>We provide <strong>legal support<\/strong> to domestic and foreign <strong>investors in tourism<\/strong> in preparation and realisation of investments, suggest solutions to overcome obstacles to investments, monitor regulations applied to investments in tourism, propose to clients the actions to be taken for the implementation of the tourism investment projects, ensure legal support also to establish diffuse and integrated hotels, heritage hotels, family hotels and for other forms of organised tourism services.<\/p>\n<p>Advising and representing foreign and domestic legal entities in their business operations in the Republic of Croatia and the European Union for 20 years, we have created a renowned and respectable law firm that complies with the highest professional and reliability standards in providing legal services.<\/p>\n<p>We look forward to cooperating with you; refer to us with confidence.<\/p>\n\t\t\t\t\t<\/div>\n\t\t\t\t\t\t<\/div>\n\t\t\t\t<\/div>\n\t\t\t\t\t\t<\/div>\n\t\t\t\t\t<\/div>\n\t\t<\/div>\n\t\t\t\t\t\t\t\t<\/div>\n\t\t\t\t\t<\/div>\n\t\t<\/section>\n\t\t\t\t\t\t\t\t\t<\/div>\n\t\t\t<\/div>\n\t\t\t\t\t<\/div>\n\t\t","protected":false},"excerpt":{"rendered":"<p>About us Petri\u0107 &amp; Kaji\u0107 Law Firm LLC, located in Zagreb, Ulica Crvenog kri\u017ea 27, was formed by the lawyers Mr Petar Petri\u0107 from Zagreb and Ms Ana-Marija Kaji\u0107, as a continuation of Joint Law Office Petar Petri\u0107 &amp; Ana-Marija Kaji\u0107 and Mr Petri\u0107\u2019s lawyer\u2019s office established in 1996. We represent the interests of a [&hellip;]<\/p>\n","protected":false},"author":3,"featured_media":0,"parent":0,"menu_order":0,"comment_status":"closed","ping_status":"closed","template":"","meta":[],"yoast_head":"<!-- This site is optimized with the Yoast SEO plugin v20.2.1 - https:\/\/yoast.com\/wordpress\/plugins\/seo\/ -->\n<title>About us - Petri\u0107 &amp; Kaji\u0107 odvjetni\u010dko dru\u0161tvo d.o.o.<\/title>\n<meta name=\"robots\" content=\"index, follow, max-snippet:-1, max-image-preview:large, max-video-preview:-1\" \/>\n<link rel=\"canonical\" href=\"https:\/\/www.petric-kajic.hr\/en\/about-us\/\" \/>\n<meta property=\"og:locale\" content=\"en_US\" \/>\n<meta property=\"og:type\" content=\"article\" \/>\n<meta property=\"og:title\" content=\"About us - Petri\u0107 &amp; Kaji\u0107 odvjetni\u010dko dru\u0161tvo d.o.o.\" \/>\n<meta property=\"og:description\" content=\"About us Petri\u0107 &amp; Kaji\u0107 Law Firm LLC, located in Zagreb, Ulica Crvenog kri\u017ea 27, was formed by the lawyers Mr Petar Petri\u0107 from Zagreb and Ms Ana-Marija Kaji\u0107, as a continuation of Joint Law Office Petar Petri\u0107 &amp; Ana-Marija Kaji\u0107 and Mr Petri\u0107\u2019s lawyer\u2019s office established in 1996. We represent the interests of a [&hellip;]\" \/>\n<meta property=\"og:url\" content=\"https:\/\/www.petric-kajic.hr\/en\/about-us\/\" \/>\n<meta property=\"og:site_name\" content=\"Petri\u0107 &amp; Kaji\u0107 odvjetni\u010dko dru\u0161tvo d.o.o.\" \/>\n<meta property=\"article:modified_time\" content=\"2022-06-13T12:19:14+00:00\" \/>\n<meta property=\"og:image\" content=\"https:\/\/www.petric-kajic.hr\/wp-content\/uploads\/hum_logo.jpg\" \/>\n<meta name=\"twitter:card\" content=\"summary_large_image\" \/>\n<meta name=\"twitter:label1\" content=\"Est. reading time\" \/>\n\t<meta name=\"twitter:data1\" content=\"3 minutes\" \/>\n<script type=\"application\/ld+json\" class=\"yoast-schema-graph\">{\"@context\":\"https:\/\/schema.org\",\"@graph\":[{\"@type\":\"WebPage\",\"@id\":\"https:\/\/www.petric-kajic.hr\/en\/about-us\/\",\"url\":\"https:\/\/www.petric-kajic.hr\/en\/about-us\/\",\"name\":\"About us - Petri\u0107 &amp; Kaji\u0107 odvjetni\u010dko dru\u0161tvo d.o.o.\",\"isPartOf\":{\"@id\":\"https:\/\/www.petric-kajic.hr\/#website\"},\"datePublished\":\"2019-05-19T15:38:07+00:00\",\"dateModified\":\"2022-06-13T12:19:14+00:00\",\"breadcrumb\":{\"@id\":\"https:\/\/www.petric-kajic.hr\/en\/about-us\/#breadcrumb\"},\"inLanguage\":\"en-US\",\"potentialAction\":[{\"@type\":\"ReadAction\",\"target\":[\"https:\/\/www.petric-kajic.hr\/en\/about-us\/\"]}]},{\"@type\":\"BreadcrumbList\",\"@id\":\"https:\/\/www.petric-kajic.hr\/en\/about-us\/#breadcrumb\",\"itemListElement\":[{\"@type\":\"ListItem\",\"position\":1,\"name\":\"Home\",\"item\":\"https:\/\/www.petric-kajic.hr\/en\/\"},{\"@type\":\"ListItem\",\"position\":2,\"name\":\"About us\"}]},{\"@type\":\"WebSite\",\"@id\":\"https:\/\/www.petric-kajic.hr\/#website\",\"url\":\"https:\/\/www.petric-kajic.hr\/\",\"name\":\"Petri\u0107 &amp; Kaji\u0107 odvjetni\u010dko dru\u0161tvo d.o.o.\",\"description\":\"\",\"publisher\":{\"@id\":\"https:\/\/www.petric-kajic.hr\/#organization\"},\"potentialAction\":[{\"@type\":\"SearchAction\",\"target\":{\"@type\":\"EntryPoint\",\"urlTemplate\":\"https:\/\/www.petric-kajic.hr\/?s={search_term_string}\"},\"query-input\":\"required name=search_term_string\"}],\"inLanguage\":\"en-US\"},{\"@type\":\"Organization\",\"@id\":\"https:\/\/www.petric-kajic.hr\/#organization\",\"name\":\"BASIS savjetovanje j.d.o.o.\",\"url\":\"https:\/\/www.petric-kajic.hr\/\",\"logo\":{\"@type\":\"ImageObject\",\"inLanguage\":\"en-US\",\"@id\":\"https:\/\/www.petric-kajic.hr\/#\/schema\/logo\/image\/\",\"url\":\"https:\/\/www.petric-kajic.hr\/wp-content\/uploads\/cropped-Petric-Kajic_logo_v4_.png\",\"contentUrl\":\"https:\/\/www.petric-kajic.hr\/wp-content\/uploads\/cropped-Petric-Kajic_logo_v4_.png\",\"width\":396,\"height\":90,\"caption\":\"BASIS savjetovanje j.d.o.o.\"},\"image\":{\"@id\":\"https:\/\/www.petric-kajic.hr\/#\/schema\/logo\/image\/\"}}]}<\/script>\n<!-- \/ Yoast SEO plugin. -->","yoast_head_json":{"title":"About us - Petri\u0107 &amp; Kaji\u0107 odvjetni\u010dko dru\u0161tvo d.o.o.","robots":{"index":"index","follow":"follow","max-snippet":"max-snippet:-1","max-image-preview":"max-image-preview:large","max-video-preview":"max-video-preview:-1"},"canonical":"https:\/\/www.petric-kajic.hr\/en\/about-us\/","og_locale":"en_US","og_type":"article","og_title":"About us - Petri\u0107 &amp; Kaji\u0107 odvjetni\u010dko dru\u0161tvo d.o.o.","og_description":"About us Petri\u0107 &amp; Kaji\u0107 Law Firm LLC, located in Zagreb, Ulica Crvenog kri\u017ea 27, was formed by the lawyers Mr Petar Petri\u0107 from Zagreb and Ms Ana-Marija Kaji\u0107, as a continuation of Joint Law Office Petar Petri\u0107 &amp; Ana-Marija Kaji\u0107 and Mr Petri\u0107\u2019s lawyer\u2019s office established in 1996. We represent the interests of a [&hellip;]","og_url":"https:\/\/www.petric-kajic.hr\/en\/about-us\/","og_site_name":"Petri\u0107 &amp; Kaji\u0107 odvjetni\u010dko dru\u0161tvo d.o.o.","article_modified_time":"2022-06-13T12:19:14+00:00","og_image":[{"url":"https:\/\/www.petric-kajic.hr\/wp-content\/uploads\/hum_logo.jpg"}],"twitter_card":"summary_large_image","twitter_misc":{"Est. reading time":"3 minutes"},"schema":{"@context":"https:\/\/schema.org","@graph":[{"@type":"WebPage","@id":"https:\/\/www.petric-kajic.hr\/en\/about-us\/","url":"https:\/\/www.petric-kajic.hr\/en\/about-us\/","name":"About us - Petri\u0107 &amp; Kaji\u0107 odvjetni\u010dko dru\u0161tvo d.o.o.","isPartOf":{"@id":"https:\/\/www.petric-kajic.hr\/#website"},"datePublished":"2019-05-19T15:38:07+00:00","dateModified":"2022-06-13T12:19:14+00:00","breadcrumb":{"@id":"https:\/\/www.petric-kajic.hr\/en\/about-us\/#breadcrumb"},"inLanguage":"en-US","potentialAction":[{"@type":"ReadAction","target":["https:\/\/www.petric-kajic.hr\/en\/about-us\/"]}]},{"@type":"BreadcrumbList","@id":"https:\/\/www.petric-kajic.hr\/en\/about-us\/#breadcrumb","itemListElement":[{"@type":"ListItem","position":1,"name":"Home","item":"https:\/\/www.petric-kajic.hr\/en\/"},{"@type":"ListItem","position":2,"name":"About us"}]},{"@type":"WebSite","@id":"https:\/\/www.petric-kajic.hr\/#website","url":"https:\/\/www.petric-kajic.hr\/","name":"Petri\u0107 &amp; Kaji\u0107 odvjetni\u010dko dru\u0161tvo d.o.o.","description":"","publisher":{"@id":"https:\/\/www.petric-kajic.hr\/#organization"},"potentialAction":[{"@type":"SearchAction","target":{"@type":"EntryPoint","urlTemplate":"https:\/\/www.petric-kajic.hr\/?s={search_term_string}"},"query-input":"required name=search_term_string"}],"inLanguage":"en-US"},{"@type":"Organization","@id":"https:\/\/www.petric-kajic.hr\/#organization","name":"BASIS savjetovanje j.d.o.o.","url":"https:\/\/www.petric-kajic.hr\/","logo":{"@type":"ImageObject","inLanguage":"en-US","@id":"https:\/\/www.petric-kajic.hr\/#\/schema\/logo\/image\/","url":"https:\/\/www.petric-kajic.hr\/wp-content\/uploads\/cropped-Petric-Kajic_logo_v4_.png","contentUrl":"https:\/\/www.petric-kajic.hr\/wp-content\/uploads\/cropped-Petric-Kajic_logo_v4_.png","width":396,"height":90,"caption":"BASIS savjetovanje j.d.o.o."},"image":{"@id":"https:\/\/www.petric-kajic.hr\/#\/schema\/logo\/image\/"}}]}},"_links":{"self":[{"href":"https:\/\/www.petric-kajic.hr\/en\/wp-json\/wp\/v2\/pages\/7609"}],"collection":[{"href":"https:\/\/www.petric-kajic.hr\/en\/wp-json\/wp\/v2\/pages"}],"about":[{"href":"https:\/\/www.petric-kajic.hr\/en\/wp-json\/wp\/v2\/types\/page"}],"author":[{"embeddable":true,"href":"https:\/\/www.petric-kajic.hr\/en\/wp-json\/wp\/v2\/users\/3"}],"replies":[{"embeddable":true,"href":"https:\/\/www.petric-kajic.hr\/en\/wp-json\/wp\/v2\/comments?post=7609"}],"version-history":[{"count":5,"href":"https:\/\/www.petric-kajic.hr\/en\/wp-json\/wp\/v2\/pages\/7609\/revisions"}],"predecessor-version":[{"id":8103,"href":"https:\/\/www.petric-kajic.hr\/en\/wp-json\/wp\/v2\/pages\/7609\/revisions\/8103"}],"wp:attachment":[{"href":"https:\/\/www.petric-kajic.hr\/en\/wp-json\/wp\/v2\/media?parent=7609"}],"curies":[{"name":"wp","href":"https:\/\/api.w.org\/{rel}","templated":true}]}}